{"id":1354,"date":"2019-12-14T07:30:36","date_gmt":"2019-12-14T06:30:36","guid":{"rendered":"https:\/\/pflegekinder-nextgeneration.ch\/?page_id=1354"},"modified":"2023-05-03T18:27:37","modified_gmt":"2023-05-03T16:27:37","slug":"agenda","status":"publish","type":"page","link":"https:\/\/pflegekinder-nextgeneration.ch\/fr\/agenda\/","title":{"rendered":"Agenda"},"content":{"rendered":"\n<style type=\"text\/css\" data-created_by=\"avia_inline_auto\" id=\"style-css-av-82gvg-3e12c88f0cb15c4822ce909e4ef1caac\">\n.avia-section.av-82gvg-3e12c88f0cb15c4822ce909e4ef1caac{\nbackground-repeat:no-repeat;\nbackground-image:url(https:\/\/pflegekinder-nextgeneration.ch\/wp-content\/uploads\/2019\/10\/inner-page-title-bg12.jpg);\nbackground-position:50% 50%;\nbackground-attachment:scroll;\n}\n.avia-section.av-82gvg-3e12c88f0cb15c4822ce909e4ef1caac .av-section-color-overlay{\nopacity:0.4;\nbackground-color:#3fb1ad;\n}\n<\/style>\n<div id='av_section_1'  class='avia-section av-82gvg-3e12c88f0cb15c4822ce909e4ef1caac main_color avia-section-huge avia-no-border-styling  avia-builder-el-0  el_before_av_section  avia-builder-el-first  avia-full-stretch avia-bg-style-scroll av-section-color-overlay-active av-minimum-height av-minimum-height-50 av-height-50  container_wrap sidebar_right'  data-section-bg-repeat='stretch' data-av_minimum_height_pc='50' data-av_min_height_opt='50'><div class=\"av-section-color-overlay-wrap\"><div class=\"av-section-color-overlay\"><\/div><div class='container av-section-cont-open' ><main  role=\"main\" itemprop=\"mainContentOfPage\"  class='template-page content  av-content-small alpha units'><div class='post-entry post-entry-type-page post-entry-1354'><div class='entry-content-wrapper clearfix'>\n<\/div><\/div><\/main><!-- close content main element --><\/div><\/div><\/div>\n<style type=\"text\/css\" data-created_by=\"avia_inline_auto\" id=\"style-css-av-8cewc-15529e6e88a8892325aa4fa240657fa8\">\n.avia-section.av-8cewc-15529e6e88a8892325aa4fa240657fa8{\nbackground-color:#eaefee;\nbackground-image:unset;\n}\n<\/style>\n<div id='event-page-section'  class='avia-section av-8cewc-15529e6e88a8892325aa4fa240657fa8 main_color avia-section-large avia-no-border-styling  avia-builder-el-1  el_after_av_section  el_before_av_section  avia-bg-style-scroll container_wrap sidebar_right'  ><div class='container av-section-cont-open' ><div class='template-page content  av-content-small alpha units'><div class='post-entry post-entry-type-page post-entry-1354'><div class='entry-content-wrapper clearfix'>\n\n<style type=\"text\/css\" data-created_by=\"avia_inline_auto\" id=\"style-css-av-k1awje1m-ab8416f64cf6d1e0267209839293ac75\">\n.flex_column.av-k1awje1m-ab8416f64cf6d1e0267209839293ac75{\nborder-radius:0px 0px 0px 0px;\npadding:0px 0px 0px 0px;\n}\n<\/style>\n<div  class='flex_column av-k1awje1m-ab8416f64cf6d1e0267209839293ac75 av_one_full  avia-builder-el-2  avia-builder-el-no-sibling  first flex_column_div av-zero-column-padding  '     ><p>\n<style type=\"text\/css\" data-created_by=\"avia_inline_auto\" id=\"style-css-av-av_heading-e2576e7c699cd6b189094abcefe9d8a4\">\n#top .av-special-heading.av-av_heading-e2576e7c699cd6b189094abcefe9d8a4{\npadding-bottom:10px;\nfont-size:42px;\n}\nbody .av-special-heading.av-av_heading-e2576e7c699cd6b189094abcefe9d8a4 .av-special-heading-tag .heading-char{\nfont-size:25px;\n}\n#top #wrap_all .av-special-heading.av-av_heading-e2576e7c699cd6b189094abcefe9d8a4 .av-special-heading-tag{\nfont-size:42px;\n}\n.av-special-heading.av-av_heading-e2576e7c699cd6b189094abcefe9d8a4 .av-subheading{\nfont-size:15px;\n}\n\n@media only screen and (min-width: 480px) and (max-width: 767px){ \n#top #wrap_all .av-special-heading.av-av_heading-e2576e7c699cd6b189094abcefe9d8a4 .av-special-heading-tag{\nfont-size:0.8em;\n}\n}\n\n@media only screen and (max-width: 479px){ \n#top #wrap_all .av-special-heading.av-av_heading-e2576e7c699cd6b189094abcefe9d8a4 .av-special-heading-tag{\nfont-size:0.8em;\n}\n}\n<\/style>\n<div  class='av-special-heading av-av_heading-e2576e7c699cd6b189094abcefe9d8a4 av-special-heading-h1 blockquote modern-quote  avia-builder-el-3  el_before_av_content_slider  avia-builder-el-first  av-inherit-size av-linked-heading'><h1 class='av-special-heading-tag'  itemprop=\"headline\"  >Agenda<\/h1><div class=\"special-heading-border\"><div class=\"special-heading-inner-border\"><\/div><\/div><\/div><br \/>\n<br \/>\n<section  class='av_textblock_section av-kvw9k881-7f21af1f324b19d266f88f5b6086e1d1 '   itemscope=\"itemscope\" itemtype=\"https:\/\/schema.org\/CreativeWork\" ><div class='avia_textblock'  itemprop=\"text\" ><h2>Ev\u00e9nements \u00e0 venir<\/h2>\n<\/div><\/section><br \/>\n<div  class='avia-content-slider-element-container av-l3cts2nb-95986a166bde2d8bc9300a48dde09bca avia-content-slider-element-slider avia-content-slider avia-smallarrow-slider avia-content-slider-active avia-content-slider-even  avia-builder-el-6  el_after_av_textblock  el_before_av_hr  av-slideshow-ui av-control-default av-nav-arrows-visible av-nav-dots-visible av-no-slider-navigation av-slideshow-manual av-loop-once av-loop-manual-endless avia-content-slider2' data-slideshow-options=\"{&quot;animation&quot;:&quot;slide&quot;,&quot;autoplay&quot;:false,&quot;loop_autoplay&quot;:&quot;once&quot;,&quot;interval&quot;:100,&quot;loop_manual&quot;:&quot;manual-endless&quot;,&quot;autoplay_stopper&quot;:false,&quot;noNavigation&quot;:false,&quot;bg_slider&quot;:false,&quot;keep_padding&quot;:&quot;&quot;,&quot;hoverpause&quot;:false,&quot;show_slide_delay&quot;:30}\"><div class='avia-smallarrow-slider-heading  no-content-slider-heading '><div class='new-special-heading'>&nbsp;<\/div><\/div><div class=\"avia-content-slider-inner\"><div class=\"slide-entry-wrap\"><section class='slide-entry av-av_content_slide-3ccfb9c4a887f5a6db355379cb06d593 flex_column av_one_half post-entry slide-entry-overview slide-loop-1 slide-parity-odd  post-entry-last  first'  itemscope=\"itemscope\" itemtype=\"https:\/\/schema.org\/CreativeWork\" ><h3 class='slide-entry-title entry-title '  itemprop=\"headline\" >\u00c9v\u00e9nement de cl\u00f4ture 2023 <\/h3><div class='slide-entry-excerpt entry-content'  itemprop=\"text\" ><p>\u00c0 l\u2019occasion de l\u2019\u00e9v\u00e9nement de cl\u00f4ture qui se tiendra le 21 novembre 2023, les trois \u00e9quipes de recherche de composition nationale pr\u00e9senteront les r\u00e9sultats finaux de leur trois \u00e9tudes \u00ab Participation des enfants plac\u00e9s en famille d\u2019accueil \u00bb, \u00ab Un bon accompagnement des relations nourrici\u00e8res \u00bb et \u00ab Comparaison des structures cantonales \u00bb.<\/p>\n<p><strong><a href=\"https:\/\/pflegekinder-nextgeneration.ch\/wp-content\/uploads\/2023\/05\/Palatin_Flyer_Fachtagung_2023_FR_def_korr5.pdf\" target=\"_blank\" rel=\"noopener\">Flyer<\/a><\/strong><\/p>\n<\/div><\/section><\/div><\/div><\/div><br \/>\n\n<style type=\"text\/css\" data-created_by=\"avia_inline_auto\" id=\"style-css-av-2m35ru-0be0db598dc09aad6ebfff3a5cf7be85\">\n#top .hr.hr-invisible.av-2m35ru-0be0db598dc09aad6ebfff3a5cf7be85{\nheight:50px;\n}\n<\/style>\n<div  class='hr av-2m35ru-0be0db598dc09aad6ebfff3a5cf7be85 hr-invisible  avia-builder-el-7  el_after_av_content_slider  el_before_av_textblock '><span class='hr-inner '><span class=\"hr-inner-style\"><\/span><\/span><\/div><br \/>\n<section  class='av_textblock_section av-717wca-413afd8efd17b5d4d670159772cbdc79 '   itemscope=\"itemscope\" itemtype=\"https:\/\/schema.org\/CreativeWork\" ><div class='avia_textblock'  itemprop=\"text\" ><h2>Ev\u00e9nements pass\u00e9s<\/h2>\n<\/div><\/section><br \/>\n<div  class='avia-content-slider-element-container av-l3ctskn8-92de3fb3350f9cab6e5dd67e75527f5f avia-content-slider-element-slider avia-content-slider avia-smallarrow-slider avia-content-slider-active avia-content-slider-even  avia-builder-el-9  el_after_av_textblock  el_before_av_content_slider  av-slideshow-ui av-control-default av-nav-arrows-visible av-nav-dots-visible av-no-slider-navigation av-slideshow-manual av-loop-once av-loop-manual-endless avia-content-slider3' data-slideshow-options=\"{&quot;animation&quot;:&quot;slide&quot;,&quot;autoplay&quot;:false,&quot;loop_autoplay&quot;:&quot;once&quot;,&quot;interval&quot;:100,&quot;loop_manual&quot;:&quot;manual-endless&quot;,&quot;autoplay_stopper&quot;:false,&quot;noNavigation&quot;:false,&quot;bg_slider&quot;:false,&quot;keep_padding&quot;:&quot;&quot;,&quot;hoverpause&quot;:false,&quot;show_slide_delay&quot;:30}\"><div class='avia-smallarrow-slider-heading  no-content-slider-heading '><div class='new-special-heading'>&nbsp;<\/div><\/div><div class=\"avia-content-slider-inner\"><div class=\"slide-entry-wrap\"><section class='slide-entry av-av_content_slide-9f025f3e61696b209082e9c291f1d1d7 flex_column av_one_half post-entry slide-entry-overview slide-loop-1 slide-parity-odd  first'  itemscope=\"itemscope\" itemtype=\"https:\/\/schema.org\/CreativeWork\" ><h3 class='slide-entry-title entry-title '  itemprop=\"headline\" >COMPLET Groupe de parole APEA, curateurs et curatrices professionnels, services de la jeunesse et services sociaux <\/h3><div class='slide-entry-excerpt entry-content'  itemprop=\"text\" ><p>Le projet national \u00ab Enfants plac\u00e9s en famille d\u2019accueil \u2013 prochaine g\u00e9n\u00e9ration \u00bb approfondit le dialogue avec des professionnel\u00b7le\u00b7s de tous les cantons qui se consacrent, dans diff\u00e9rentes fonctions, au domaine de l\u2019aide aux enfants plac\u00e9s en famille d\u2019accueil. Avec les \u00e9quipes de recherche, des repr\u00e9sentant\u00b7e\u00b7s de la Conf\u00e9rence des cantons en mati\u00e8re de protection des mineurs et des adultes (COPMA), de la Conf\u00e9rence des directrices et directeurs cantonaux des affaires sociales (CDAS) et de l\u2019Office f\u00e9d\u00e9ral de la justice (OFJ), un groupe de parole sp\u00e9cifique se tiendra le 8 novembre 2022. Il n&rsquo;y a plus de places disponibles pour cet \u00e9v\u00e9nement.<\/p>\n<p><a href=\"https:\/\/pflegekinder-nextgeneration.ch\/wp-content\/uploads\/2022\/05\/Dialogue_APEA_curateurs_etc_8nov22_prochaine_generation_f.pdf\" target=\"_blank\" rel=\"noopener\">Flyer<\/a><\/p>\n<\/div><\/section><section class='slide-entry av-av_content_slide-c0851a39ab6bbd85c5c5b2d05b30caf5 flex_column av_one_half post-entry slide-entry-overview slide-loop-2 slide-parity-even  post-entry-last  '  itemscope=\"itemscope\" itemtype=\"https:\/\/schema.org\/CreativeWork\" ><h3 class='slide-entry-title entry-title '  itemprop=\"headline\" >Groupe de parole directions des offices cantonaux ayant une fonction de pilotage dans le domaine du placement familial et responsables cantonaux dans ce domaine - 8 novembre 2022<\/h3><div class='slide-entry-excerpt entry-content'  itemprop=\"text\" ><p class=\"p1\">Un groupe de parole sp\u00e9cifique se tiendra le 8 novembre 2022 avec l\u2019\u00e9quipe de recherche qui a \u00e9tudi\u00e9 la situation dans les cantons, ainsi que des repr\u00e9sentant\u00b7e\u00b7s de la Conf\u00e9rence des cantons en mati\u00e8re de protection des mineurs et des adultes (COPMA), de la Conf\u00e9rence des directrices et directeurs cantonaux des affaires sociales (CDAS) et de l\u2019Office f\u00e9d\u00e9ral des assurances sociales (OFAS). La<br \/>\n\u00ab Comparaison des structures cantonales \u00bb sera au centre de la discussion. Avec leur grande exp\u00e9rience, les professionnel\u00b7le\u00b7s des services cantonaux refl\u00e8teront et permettront d\u2019affiner les derniers r\u00e9sultats de la recherche.<\/p>\n<p><strong><a href=\"https:\/\/pflegekinder-nextgeneration.ch\/wp-content\/uploads\/2022\/05\/Dialogue_responsable_administration_8nov22_prochaine_generation_f.pdf\" target=\"_blank\" rel=\"noopener\">Flyer<\/a><\/strong><\/p>\n<\/div><\/section><\/div><\/div><\/div><br \/>\n<div  class='avia-content-slider-element-container av-l3cts2nb-95986a166bde2d8bc9300a48dde09bca avia-content-slider-element-slider avia-content-slider avia-smallarrow-slider avia-content-slider-active avia-content-slider-even  avia-builder-el-10  el_after_av_content_slider  el_before_av_content_slider  av-slideshow-ui av-control-default av-nav-arrows-visible av-nav-dots-visible av-no-slider-navigation av-slideshow-manual av-loop-once av-loop-manual-endless avia-content-slider4' data-slideshow-options=\"{&quot;animation&quot;:&quot;slide&quot;,&quot;autoplay&quot;:false,&quot;loop_autoplay&quot;:&quot;once&quot;,&quot;interval&quot;:100,&quot;loop_manual&quot;:&quot;manual-endless&quot;,&quot;autoplay_stopper&quot;:false,&quot;noNavigation&quot;:false,&quot;bg_slider&quot;:false,&quot;keep_padding&quot;:&quot;&quot;,&quot;hoverpause&quot;:false,&quot;show_slide_delay&quot;:30}\"><div class='avia-smallarrow-slider-heading  no-content-slider-heading '><div class='new-special-heading'>&nbsp;<\/div><\/div><div class=\"avia-content-slider-inner\"><div class=\"slide-entry-wrap\"><section class='slide-entry av-av_content_slide-3ccfb9c4a887f5a6db355379cb06d593 flex_column av_one_half post-entry slide-entry-overview slide-loop-1 slide-parity-odd  post-entry-last  first'  itemscope=\"itemscope\" itemtype=\"https:\/\/schema.org\/CreativeWork\" ><h3 class='slide-entry-title entry-title '  itemprop=\"headline\" >\u00c9v\u00e9nement de cl\u00f4ture 2023 <\/h3><div class='slide-entry-excerpt entry-content'  itemprop=\"text\" ><p>\u00c0 l\u2019occasion de l\u2019\u00e9v\u00e9nement de cl\u00f4ture qui se tiendra le 21 novembre 2023, les trois \u00e9quipes de recherche de composition nationale pr\u00e9senteront les r\u00e9sultats finaux de leur trois \u00e9tudes \u00ab Participation des enfants plac\u00e9s en famille d\u2019accueil \u00bb, \u00ab Un bon accompagnement des relations nourrici\u00e8res \u00bb et \u00ab Comparaison des structures cantonales \u00bb.<\/p>\n<p><strong><a href=\"https:\/\/pflegekinder-nextgeneration.ch\/wp-content\/uploads\/2023\/05\/Palatin_Flyer_Fachtagung_2023_FR_def_korr5.pdf\" target=\"_blank\" rel=\"noopener\">Flyer<\/a><\/strong><\/p>\n<\/div><\/section><\/div><\/div><\/div><br \/>\n<div  class='avia-content-slider-element-container av-6b5r6y-caa4f68414fbfa5cccdce2f39b7d8fb5 avia-content-slider-element-slider avia-content-slider avia-smallarrow-slider avia-content-slider-active avia-content-slider-even  avia-builder-el-11  el_after_av_content_slider  avia-builder-el-last  av-slideshow-ui av-control-default av-nav-arrows-visible av-nav-dots-visible av-no-slider-navigation av-slideshow-manual av-loop-once av-loop-manual-endless avia-content-slider5' data-slideshow-options=\"{&quot;animation&quot;:&quot;slide&quot;,&quot;autoplay&quot;:false,&quot;loop_autoplay&quot;:&quot;once&quot;,&quot;interval&quot;:100,&quot;loop_manual&quot;:&quot;manual-endless&quot;,&quot;autoplay_stopper&quot;:false,&quot;noNavigation&quot;:false,&quot;bg_slider&quot;:false,&quot;keep_padding&quot;:&quot;&quot;,&quot;hoverpause&quot;:false,&quot;show_slide_delay&quot;:30}\"><div class='avia-smallarrow-slider-heading  no-content-slider-heading '><div class='new-special-heading'>&nbsp;<\/div><\/div><div class=\"avia-content-slider-inner\"><div class=\"slide-entry-wrap\"><section class='slide-entry av-av_content_slide-94ed0c6aa68a6fe438a4de5d2ea17d82 flex_column av_one_half post-entry slide-entry-overview slide-loop-1 slide-parity-odd  first'  itemscope=\"itemscope\" itemtype=\"https:\/\/schema.org\/CreativeWork\" ><h3 class='slide-entry-title entry-title '  itemprop=\"headline\" >Conf\u00e9rence sp\u00e9cialis\u00e9e nationale 2021<\/h3><div class='slide-entry-excerpt entry-content'  itemprop=\"text\" ><p class=\"p1\"><span class=\"s1\">\u00c0 l\u2019occasion de la conf\u00e9rence sp\u00e9cialis\u00e9e nationale qui se tiendra le 1er d\u00e9cembre 2021, les \u00e9quipes de recherche des trois \u00e9tudes \u00ab Participation des enfants plac\u00e9s en famille d\u2019accueil \u00bb, \u00ab Un bon accompagnement des relations nourrici\u00e8res \u00bb et \u00ab Comparaison des structures cantonales \u00bb pr\u00e9senteront pour la premi\u00e8re fois leurs r\u00e9sultats interm\u00e9diaires.<\/span><\/p>\n<p><strong><a href=\"https:\/\/pflegekinder-nextgeneration.ch\/wp-content\/uploads\/2021\/05\/Palatin_Flyer_conference_spe\u0301cialise\u0301e_2021-1.pdf\" target=\"_blank\" rel=\"noopener\">Flyer<\/a><\/strong><\/p>\n<\/div><\/section><section class='slide-entry av-av_content_slide-a96e3ddf3a19720c15827355c3d57553 flex_column av_one_half post-entry slide-entry-overview slide-loop-2 slide-parity-even  post-entry-last  '  itemscope=\"itemscope\" itemtype=\"https:\/\/schema.org\/CreativeWork\" ><h3 class='slide-entry-title entry-title '  itemprop=\"headline\" >Groupe de parole professionnels de la pratique de l\u2019aide aux enfants plac\u00e9s en famille d\u2019accueil 2021<\/h3><div class='slide-entry-excerpt entry-content'  itemprop=\"text\" ><p class=\"p1\">L\u2019\u00e9v\u00e9nement bilingue de dialogue s\u2019adresse aux fournisseurs de prestations dans le domaine du placement familial (FPF) ainsi qu\u2019aux repr\u00e9sentants publics qui fournissent ou d\u00e9l\u00e8guent des prestations dans le domaine du placement familial.<\/p>\n<p><strong><a href=\"https:\/\/pflegekinder-nextgeneration.ch\/wp-content\/uploads\/2021\/05\/Palatin_Flyer_Dialoggruppe_2021_f.pdf\" target=\"_blank\" rel=\"noopener\">Flyer<\/a><\/strong><\/p>\n<\/div><\/section><\/div><\/div><\/div><\/p><\/div><\/div><\/div><\/div><!-- close content main div --><\/div><\/div>\n<style type=\"text\/css\" data-created_by=\"avia_inline_auto\" id=\"style-css-av-k15u1fll-a6c9619185b98e3f9a46811da1a8e754\">\n.avia-section.av-k15u1fll-a6c9619185b98e3f9a46811da1a8e754{\nbackground-color:#eaefee;\nbackground-image:unset;\n}\n.avia-section.av-k15u1fll-a6c9619185b98e3f9a46811da1a8e754 .av-extra-border-element .av-extra-border-inner{\nbackground-color:#3fb1ad;\n}\n<\/style>\n<div id='av_section_3'  class='avia-section av-k15u1fll-a6c9619185b98e3f9a46811da1a8e754 main_color avia-section-large avia-no-border-styling  avia-builder-el-12  el_after_av_section  el_before_av_section  avia-bg-style-scroll container_wrap sidebar_right'  ><div class='container av-section-cont-open' ><div class='template-page content  av-content-small alpha units'><div class='post-entry post-entry-type-page post-entry-1354'><div class='entry-content-wrapper clearfix'><\/p>\n<\/div><\/div><\/div><!-- close content main div --><\/div><div class='av-extra-border-element border-extra-diagonal border-extra-diagonal-inverse '><div class='av-extra-border-outer'><div class='av-extra-border-inner'><\/div><\/div><\/div><\/div><div id='av_section_4'  class='avia-section av-k15u1fll-2-4c4ffcfc7dfa317fdd5a6ed466aa2f85 main_color avia-section-default avia-no-border-styling  avia-builder-el-13  el_after_av_section  avia-builder-el-last  no-minheight avia-bg-style-scroll container_wrap sidebar_right'  ><div class='container av-section-cont-open' ><div class='template-page content  av-content-small alpha units'><div class='post-entry post-entry-type-page post-entry-1354'><div class='entry-content-wrapper clearfix'><\/div><\/div><\/div><!-- close content main div --><\/div><\/div><div id='after_section_4'  class='main_color av_default_container_wrap container_wrap sidebar_right'  ><div class='container av-section-cont-open' ><div class='template-page content  av-content-small alpha units'><div class='post-entry post-entry-type-page post-entry-1354'><div class='entry-content-wrapper clearfix'>\n","protected":false},"excerpt":{"rendered":"","protected":false},"author":3,"featured_media":0,"parent":0,"menu_order":0,"comment_status":"closed","ping_status":"closed","template":"","meta":{"footnotes":""},"class_list":["post-1354","page","type-page","status-publish","hentry"],"yoast_head":"<!-- This site is optimized with the Yoast SEO plugin v27.2 - https:\/\/yoast.com\/product\/yoast-seo-wordpress\/ -->\n<title>Agenda | Pflegekinder next Generation<\/title>\n<meta name=\"robots\" content=\"index, follow, max-snippet:-1, max-image-preview:large, max-video-preview:-1\" \/>\n<link rel=\"canonical\" href=\"https:\/\/pflegekinder-nextgeneration.ch\/fr\/agenda\/\" \/>\n<meta property=\"og:locale\" content=\"fr_FR\" \/>\n<meta property=\"og:type\" content=\"article\" \/>\n<meta property=\"og:title\" content=\"Agenda | Pflegekinder next Generation\" \/>\n<meta property=\"og:url\" content=\"https:\/\/pflegekinder-nextgeneration.ch\/fr\/agenda\/\" \/>\n<meta property=\"og:site_name\" content=\"Pflegekinder next Generation\" \/>\n<meta property=\"article:modified_time\" content=\"2023-05-03T16:27:37+00:00\" \/>\n<meta name=\"twitter:card\" content=\"summary_large_image\" \/>\n<meta name=\"twitter:label1\" content=\"Dur\u00e9e de lecture estim\u00e9e\" \/>\n\t<meta name=\"twitter:data1\" content=\"4 minutes\" \/>\n<script type=\"application\/ld+json\" class=\"yoast-schema-graph\">{\"@context\":\"https:\/\/schema.org\",\"@graph\":[{\"@type\":\"WebPage\",\"@id\":\"https:\/\/pflegekinder-nextgeneration.ch\/fr\/agenda\/\",\"url\":\"https:\/\/pflegekinder-nextgeneration.ch\/fr\/agenda\/\",\"name\":\"Agenda | Pflegekinder next Generation\",\"isPartOf\":{\"@id\":\"https:\/\/pflegekinder-nextgeneration.ch\/#website\"},\"datePublished\":\"2019-12-14T06:30:36+00:00\",\"dateModified\":\"2023-05-03T16:27:37+00:00\",\"breadcrumb\":{\"@id\":\"https:\/\/pflegekinder-nextgeneration.ch\/fr\/agenda\/#breadcrumb\"},\"inLanguage\":\"fr-FR\",\"potentialAction\":[{\"@type\":\"ReadAction\",\"target\":[\"https:\/\/pflegekinder-nextgeneration.ch\/fr\/agenda\/\"]}]},{\"@type\":\"BreadcrumbList\",\"@id\":\"https:\/\/pflegekinder-nextgeneration.ch\/fr\/agenda\/#breadcrumb\",\"itemListElement\":[{\"@type\":\"ListItem\",\"position\":1,\"name\":\"Home\",\"item\":\"https:\/\/pflegekinder-nextgeneration.ch\/fr\/home\/\"},{\"@type\":\"ListItem\",\"position\":2,\"name\":\"Agenda\"}]},{\"@type\":\"WebSite\",\"@id\":\"https:\/\/pflegekinder-nextgeneration.ch\/#website\",\"url\":\"https:\/\/pflegekinder-nextgeneration.ch\/\",\"name\":\"Pflegekinder next Generation\",\"description\":\"Next Generation\",\"potentialAction\":[{\"@type\":\"SearchAction\",\"target\":{\"@type\":\"EntryPoint\",\"urlTemplate\":\"https:\/\/pflegekinder-nextgeneration.ch\/?s={search_term_string}\"},\"query-input\":{\"@type\":\"PropertyValueSpecification\",\"valueRequired\":true,\"valueName\":\"search_term_string\"}}],\"inLanguage\":\"fr-FR\"}]}<\/script>\n<!-- \/ Yoast SEO plugin. -->","yoast_head_json":{"title":"Agenda | Pflegekinder next Generation","robots":{"index":"index","follow":"follow","max-snippet":"max-snippet:-1","max-image-preview":"max-image-preview:large","max-video-preview":"max-video-preview:-1"},"canonical":"https:\/\/pflegekinder-nextgeneration.ch\/fr\/agenda\/","og_locale":"fr_FR","og_type":"article","og_title":"Agenda | Pflegekinder next Generation","og_url":"https:\/\/pflegekinder-nextgeneration.ch\/fr\/agenda\/","og_site_name":"Pflegekinder next Generation","article_modified_time":"2023-05-03T16:27:37+00:00","twitter_card":"summary_large_image","twitter_misc":{"Dur\u00e9e de lecture estim\u00e9e":"4 minutes"},"schema":{"@context":"https:\/\/schema.org","@graph":[{"@type":"WebPage","@id":"https:\/\/pflegekinder-nextgeneration.ch\/fr\/agenda\/","url":"https:\/\/pflegekinder-nextgeneration.ch\/fr\/agenda\/","name":"Agenda | Pflegekinder next Generation","isPartOf":{"@id":"https:\/\/pflegekinder-nextgeneration.ch\/#website"},"datePublished":"2019-12-14T06:30:36+00:00","dateModified":"2023-05-03T16:27:37+00:00","breadcrumb":{"@id":"https:\/\/pflegekinder-nextgeneration.ch\/fr\/agenda\/#breadcrumb"},"inLanguage":"fr-FR","potentialAction":[{"@type":"ReadAction","target":["https:\/\/pflegekinder-nextgeneration.ch\/fr\/agenda\/"]}]},{"@type":"BreadcrumbList","@id":"https:\/\/pflegekinder-nextgeneration.ch\/fr\/agenda\/#breadcrumb","itemListElement":[{"@type":"ListItem","position":1,"name":"Home","item":"https:\/\/pflegekinder-nextgeneration.ch\/fr\/home\/"},{"@type":"ListItem","position":2,"name":"Agenda"}]},{"@type":"WebSite","@id":"https:\/\/pflegekinder-nextgeneration.ch\/#website","url":"https:\/\/pflegekinder-nextgeneration.ch\/","name":"Pflegekinder next Generation","description":"Next Generation","potentialAction":[{"@type":"SearchAction","target":{"@type":"EntryPoint","urlTemplate":"https:\/\/pflegekinder-nextgeneration.ch\/?s={search_term_string}"},"query-input":{"@type":"PropertyValueSpecification","valueRequired":true,"valueName":"search_term_string"}}],"inLanguage":"fr-FR"}]}},"_links":{"self":[{"href":"https:\/\/pflegekinder-nextgeneration.ch\/fr\/wp-json\/wp\/v2\/pages\/1354","targetHints":{"allow":["GET"]}}],"collection":[{"href":"https:\/\/pflegekinder-nextgeneration.ch\/fr\/wp-json\/wp\/v2\/pages"}],"about":[{"href":"https:\/\/pflegekinder-nextgeneration.ch\/fr\/wp-json\/wp\/v2\/types\/page"}],"author":[{"embeddable":true,"href":"https:\/\/pflegekinder-nextgeneration.ch\/fr\/wp-json\/wp\/v2\/users\/3"}],"replies":[{"embeddable":true,"href":"https:\/\/pflegekinder-nextgeneration.ch\/fr\/wp-json\/wp\/v2\/comments?post=1354"}],"version-history":[{"count":5,"href":"https:\/\/pflegekinder-nextgeneration.ch\/fr\/wp-json\/wp\/v2\/pages\/1354\/revisions"}],"predecessor-version":[{"id":2696,"href":"https:\/\/pflegekinder-nextgeneration.ch\/fr\/wp-json\/wp\/v2\/pages\/1354\/revisions\/2696"}],"wp:attachment":[{"href":"https:\/\/pflegekinder-nextgeneration.ch\/fr\/wp-json\/wp\/v2\/media?parent=1354"}],"curies":[{"name":"wp","href":"https:\/\/api.w.org\/{rel}","templated":true}]}}