{"id":1301,"date":"2019-12-14T05:12:38","date_gmt":"2019-12-14T04:12:38","guid":{"rendered":"https:\/\/pflegekinder-nextgeneration.ch\/?page_id=1301"},"modified":"2019-12-14T05:14:33","modified_gmt":"2019-12-14T04:14:33","slug":"projet","status":"publish","type":"page","link":"https:\/\/pflegekinder-nextgeneration.ch\/fr\/projet\/","title":{"rendered":"Projet"},"content":{"rendered":"\n<style type=\"text\/css\" data-created_by=\"avia_inline_auto\" id=\"style-css-av-82gvg-459f4368f2247d1691bdb35566b93acf\">\n.avia-section.av-82gvg-459f4368f2247d1691bdb35566b93acf{\nbackground-repeat:no-repeat;\nbackground-image:url(https:\/\/pflegekinder-nextgeneration.ch\/wp-content\/uploads\/2019\/10\/inner-page-title-bg11.jpg);\nbackground-position:50% 50%;\nbackground-attachment:scroll;\n}\n.avia-section.av-82gvg-459f4368f2247d1691bdb35566b93acf .av-section-color-overlay{\nopacity:0.4;\nbackground-color:#3fb1ad;\n}\n<\/style>\n<div id='av_section_1'  class='avia-section av-82gvg-459f4368f2247d1691bdb35566b93acf main_color avia-section-huge avia-no-border-styling  avia-builder-el-0  el_before_av_section  avia-builder-el-first  avia-full-stretch avia-bg-style-scroll av-section-color-overlay-active av-minimum-height av-minimum-height-50 av-height-50  container_wrap sidebar_right'  data-section-bg-repeat='stretch' data-av_minimum_height_pc='50' data-av_min_height_opt='50'><div class=\"av-section-color-overlay-wrap\"><div class=\"av-section-color-overlay\"><\/div><div class='container av-section-cont-open' ><main  role=\"main\" itemprop=\"mainContentOfPage\"  class='template-page content  av-content-small alpha units'><div class='post-entry post-entry-type-page post-entry-1301'><div class='entry-content-wrapper clearfix'>\n<\/div><\/div><\/main><!-- close content main element --><\/div><\/div><\/div>\n<style type=\"text\/css\" data-created_by=\"avia_inline_auto\" id=\"style-css-av-8cewc-90d89946961635c5589742544bae2967\">\n.avia-section.av-8cewc-90d89946961635c5589742544bae2967 .av-extra-border-element .av-extra-border-inner{\nbackground-color:#3fb1ad;\n}\n<\/style>\n<div id='projekt-page-section'  class='avia-section av-8cewc-90d89946961635c5589742544bae2967 main_color avia-section-large avia-no-border-styling  avia-builder-el-1  el_after_av_section  el_before_av_section  avia-bg-style-scroll container_wrap sidebar_right'  ><div class='container av-section-cont-open' ><div class='template-page content  av-content-small alpha units'><div class='post-entry post-entry-type-page post-entry-1301'><div class='entry-content-wrapper clearfix'>\n\n<style type=\"text\/css\" data-created_by=\"avia_inline_auto\" id=\"style-css-av-k1aut5q5-ca26b53f3b230545493670e076e5787f\">\n.flex_column.av-k1aut5q5-ca26b53f3b230545493670e076e5787f{\nborder-radius:0px 0px 0px 0px;\npadding:0px 0px 0px 0px;\n}\n<\/style>\n<div  class='flex_column av-k1aut5q5-ca26b53f3b230545493670e076e5787f av_one_full  avia-builder-el-2  el_before_av_one_full  avia-builder-el-first  first flex_column_div av-zero-column-padding  '     ><p>\n<style type=\"text\/css\" data-created_by=\"avia_inline_auto\" id=\"style-css-av-av_heading-1fc47104060a37cbc5404848aa629b43\">\n#top .av-special-heading.av-av_heading-1fc47104060a37cbc5404848aa629b43{\npadding-bottom:10px;\nfont-size:42px;\n}\nbody .av-special-heading.av-av_heading-1fc47104060a37cbc5404848aa629b43 .av-special-heading-tag .heading-char{\nfont-size:25px;\n}\n#top #wrap_all .av-special-heading.av-av_heading-1fc47104060a37cbc5404848aa629b43 .av-special-heading-tag{\nfont-size:42px;\n}\n.av-special-heading.av-av_heading-1fc47104060a37cbc5404848aa629b43 .av-subheading{\nfont-size:15px;\n}\n\n@media only screen and (min-width: 480px) and (max-width: 767px){ \n#top #wrap_all .av-special-heading.av-av_heading-1fc47104060a37cbc5404848aa629b43 .av-special-heading-tag{\nfont-size:0.8em;\n}\n}\n\n@media only screen and (max-width: 479px){ \n#top #wrap_all .av-special-heading.av-av_heading-1fc47104060a37cbc5404848aa629b43 .av-special-heading-tag{\nfont-size:0.8em;\n}\n}\n<\/style>\n<div  class='av-special-heading av-av_heading-1fc47104060a37cbc5404848aa629b43 av-special-heading-h1 blockquote modern-quote  avia-builder-el-3  el_before_av_hr  avia-builder-el-first  av-inherit-size'><h1 class='av-special-heading-tag'  itemprop=\"headline\"  >Projet<\/h1><div class=\"special-heading-border\"><div class=\"special-heading-inner-border\"><\/div><\/div><\/div><br \/>\n\n<style type=\"text\/css\" data-created_by=\"avia_inline_auto\" id=\"style-css-av-k1c3yje1-93af4e971e04aead55d7ee5726bf77bb\">\n#top .hr.av-k1c3yje1-93af4e971e04aead55d7ee5726bf77bb{\nmargin-top:10px;\nmargin-bottom:20px;\n}\n.hr.av-k1c3yje1-93af4e971e04aead55d7ee5726bf77bb .hr-inner{\nwidth:50px;\nborder-color:#3fb1ad;\n}\n<\/style>\n<div  class='hr av-k1c3yje1-93af4e971e04aead55d7ee5726bf77bb hr-custom  avia-builder-el-4  el_after_av_heading  avia-builder-el-last  hr-left hr-icon-no'><span class='hr-inner inner-border-av-border-fat'><span class=\"hr-inner-style\"><\/span><\/span><\/div><\/p><\/div><div class='flex_column_table av-hbwqe-be4e0f06e431fc9681fa40e9bbb70aa5 sc-av_one_full av-equal-height-column-flextable'>\n<style type=\"text\/css\" data-created_by=\"avia_inline_auto\" id=\"style-css-av-hbwqe-be4e0f06e431fc9681fa40e9bbb70aa5\">\n.flex_column.av-hbwqe-be4e0f06e431fc9681fa40e9bbb70aa5{\nborder-radius:0px 0px 0px 0px;\npadding:0px 0px 0px 0px;\n}\n<\/style>\n<div  class='flex_column av-hbwqe-be4e0f06e431fc9681fa40e9bbb70aa5 av_one_full  avia-builder-el-5  el_after_av_one_full  el_before_av_hr  first flex_column_table_cell av-equal-height-column av-align-top av-zero-column-padding  column-top-margin'     ><style type=\"text\/css\" data-created_by=\"avia_inline_auto\" id=\"style-css-av-k15tutql-e5c180a67a686f260c755694b4c25558\">\n#top .av_textblock_section.av-k15tutql-e5c180a67a686f260c755694b4c25558 .avia_textblock{\nfont-size:18px;\n}\n\n@media only screen and (max-width: 479px){ \n#top .av_textblock_section.av-k15tutql-e5c180a67a686f260c755694b4c25558 .avia_textblock{\nfont-size:14px;\n}\n}\n<\/style>\n<section  class='av_textblock_section av-k15tutql-e5c180a67a686f260c755694b4c25558 '   itemscope=\"itemscope\" itemtype=\"https:\/\/schema.org\/CreativeWork\" ><div class='avia_textblock'  itemprop=\"text\" ><p>Le projet \u00abEnfants plac\u00e9s en famille d\u2019accueil \u2013 prochaine g\u00e9n\u00e9ration\u00bb vise \u00e0 am\u00e9liorer \u00e0 long terme les conditions dans lesquelles les enfants plac\u00e9s en famille d\u2019accueil grandissent en Suisse. Pour la premi\u00e8re fois, le projet va analyser de mani\u00e8re compl\u00e8te dans une \u00e9tude nationale la situation des enfants plac\u00e9s en famille d\u2019accueil. L\u2019objectif est d\u2019identifier les crit\u00e8res importants pour la r\u00e9ussite de la vie des enfants plac\u00e9s en famille d\u2019accueil. Les objectifs g\u00e9n\u00e9raux suivants ont \u00e9t\u00e9 fix\u00e9s pour le projet:<\/p>\n<ul>\n<li>\u00e9largir les connaissances et la s\u00e9curit\u00e9 d\u2019action de l\u2019aide aux enfants plac\u00e9s en famille d\u2019accueil (g\u00e9n\u00e9rer des connaissances, cr\u00e9er des bases pour le transfert \u00e0 la pratique)<\/li>\n<li>contribuer \u00e0 des structures permettant aux enfants plac\u00e9s en famille d\u2019accueil de participer \u00e9quitablement \u00e0 tous les domaines de la vie et leur garantissant la meilleure protection possible, et<\/li>\n<li>am\u00e9liorer dans la soci\u00e9t\u00e9 la compr\u00e9hension des liens nourriciers.<\/li>\n<\/ul>\n<p>Pour atteindre ces objectifs, l\u2019accent est mis sur le d\u00e9veloppement syst\u00e9matique de la recherche, le dialogue mod\u00e9r\u00e9 avec la pratique et le lancement de mesures d\u2019am\u00e9lioration et de sensibilisation.<\/p>\n<\/div><\/section><\/div><\/div><!--close column table wrapper. Autoclose: 1 -->\n<style type=\"text\/css\" data-created_by=\"avia_inline_auto\" id=\"style-css-av-k15u5dex-c45de95c20ce4140d499f4009c24a384\">\n#top .hr.hr-invisible.av-k15u5dex-c45de95c20ce4140d499f4009c24a384{\nheight:30px;\n}\n<\/style>\n<div  class='hr av-k15u5dex-c45de95c20ce4140d499f4009c24a384 hr-invisible  avia-builder-el-7  el_after_av_one_full  el_before_av_one_full '><span class='hr-inner '><span class=\"hr-inner-style\"><\/span><\/span><\/div>\n\n<style type=\"text\/css\" data-created_by=\"avia_inline_auto\" id=\"style-css-av-k18oc11y-07b0cc43723dfa1fc11098aac24ef91f\">\n.flex_column.av-k18oc11y-07b0cc43723dfa1fc11098aac24ef91f{\nborder-radius:0px 0px 0px 0px;\npadding:0px 0px 0px 0px;\n}\n<\/style>\n<div  class='flex_column av-k18oc11y-07b0cc43723dfa1fc11098aac24ef91f av_one_full  avia-builder-el-8  el_after_av_hr  el_before_av_hr  first flex_column_div av-zero-column-padding  '     ><style type=\"text\/css\" data-created_by=\"avia_inline_auto\" id=\"style-css-av-k15v25i9-17649403058a37d663dd89905e76bc2e\">\n.avia-timeline-container.av-k15v25i9-17649403058a37d663dd89905e76bc2e .av-milestone-date{\nfont-size:22px;\ncolor:#3fb1ad;\n}\n.avia-timeline-container.av-k15v25i9-17649403058a37d663dd89905e76bc2e .av-milestone-icon-inner{\nbackground-color:#3fb1ad;\n}\n.avia-timeline-container.av-k15v25i9-17649403058a37d663dd89905e76bc2e .av-milestone-indicator{\nbackground-color:#3fb1ad;\n}\n.avia-timeline-container.av-k15v25i9-17649403058a37d663dd89905e76bc2e .av-milestone-article-footer{\nbackground-color:#3fb1ad;\n}\n<\/style>\n<div  id=\"avia-timeline-1\"  class='avia-timeline-container av-k15v25i9-17649403058a37d663dd89905e76bc2e av-slideshow-ui  avia-builder-el-9  avia-builder-el-no-sibling  projekt-page-section-timeline' ><ul class='avia-timeline avia-timeline-vertical av-milestone-placement-left avia-timeline- avia_animate_when_almost_visible'>\n<li  class='av-milestone av-21k4sl-1e9284f89af44e8519bb734f52dd7339 av-animated-generic fade-in av-milestone-valign-baseline av-milestone-odd'><h2 class='av-milestone-date ' id='milestone-2019-2023' ><strong>2019 \u2013 2023<span class='av-milestone-indicator'><\/span><\/strong><\/h2><div class=\"av-milestone-icon-wrap\"><span class='av-milestone-icon milestone_icon avia-font-entypo-fontello'><span class='av-milestone-icon-inner milestone_inner'><i class='milestone-char' aria-hidden='true' data-av_icon='\ue803' data-av_iconfont='entypo-fontello'><\/i><\/span><\/span><\/div><article class='av-milestone-content-wrap'><div class='av-milestone-contentbox'><header class=\"entry-content-header\"><h4 class='av-milestone-title '>Recherche syst\u00e9matique <\/h4><\/header><div class='av-milestone-content'><p>Pour combler les lacunes actuelles, une analyse compl\u00e8te des besoins de recherche sera effectu\u00e9e en d\u00e9but de projet. L\u2019objectif est de pr\u00e9senter l\u2019\u00e9tat actuel de la recherche en Suisse et dans d\u2019autres pays europ\u00e9ens et de s\u2019informer sur les sujets de recherche pertinents du point de vue des acteurs concern\u00e9s.<\/p>\n<p>L\u2019analyse des besoins de recherche porte sur les domaines suivants:<\/p>\n\n<style type=\"text\/css\" data-created_by=\"avia_inline_auto\" id=\"style-css-av-3k8li-e2413380e6c9f15a7b278dadadb9cc51\">\n#top .avia-icon-list-container.av-3k8li-e2413380e6c9f15a7b278dadadb9cc51 .iconlist_icon{\ncolor:#000000;\nbackground-color:#ffffff;\nborder:1px solid #ffffff;\nfont-size:16px;\n}\n#top #wrap_all .avia-icon-list-container.av-3k8li-e2413380e6c9f15a7b278dadadb9cc51 .av_iconlist_title{\nfont-size:16px;\n}\n<\/style>\n<div  class='avia-icon-list-container av-3k8li-e2413380e6c9f15a7b278dadadb9cc51  avia-builder-el-10  avia-builder-el-no-sibling  timeline-bullet'><ul class='avia-icon-list avia_animate_when_almost_visible avia-icon-list-left av-iconlist-small av-3k8li-e2413380e6c9f15a7b278dadadb9cc51 avia-iconlist-animate'>\n<li><div class='iconlist_icon av-pt22m-adccc4c58740885afe4e1f12a2aa4490 avia-font-entypo-fontello'><span class='iconlist-char' aria-hidden='true' data-av_icon='\ue8bd' data-av_iconfont='entypo-fontello'><\/span><\/div><article class=\"article-icon-entry av-iconlist-empty\"  itemscope=\"itemscope\" itemtype=\"https:\/\/schema.org\/CreativeWork\" ><div class=\"iconlist_content_wrap\"><header class=\"entry-content-header\"><div class='av_iconlist_title iconlist_title_small  '  itemprop=\"headline\" >Droits et r\u00f4le des enfants plac\u00e9s en famille d\u2019accueil (conditions-cadres l\u00e9gales et individuelles)<\/div><\/header><div class='iconlist_content '  itemprop=\"text\" ><\/div><\/div><footer class=\"entry-footer\"><\/footer><\/article><div class=\"iconlist-timeline\"><\/div><\/li>\n<li><div class='iconlist_icon av-nmzvy-310aebb7aa17f646e6c02d13363e3361 avia-font-entypo-fontello'><span class='iconlist-char' aria-hidden='true' data-av_icon='\ue8bd' data-av_iconfont='entypo-fontello'><\/span><\/div><article class=\"article-icon-entry av-iconlist-empty\"  itemscope=\"itemscope\" itemtype=\"https:\/\/schema.org\/CreativeWork\" ><div class=\"iconlist_content_wrap\"><header class=\"entry-content-header\"><div class='av_iconlist_title iconlist_title_small  '  itemprop=\"headline\" >Relation de prise en charge dans le triangle enfant plac\u00e9 - parents biologiques - parents nourriciers (conditions-cadres familiales jusqu\u2019\u00e0 l\u2019apr\u00e8s-adolescence)<\/div><\/header><div class='iconlist_content '  itemprop=\"text\" ><\/div><\/div><footer class=\"entry-footer\"><\/footer><\/article><div class=\"iconlist-timeline\"><\/div><\/li>\n<li><div class='iconlist_icon av-gcvxi-a070afb086d1b1e1cfb1b57e7ceaa167 avia-font-entypo-fontello'><span class='iconlist-char' aria-hidden='true' data-av_icon='\ue8bd' data-av_iconfont='entypo-fontello'><\/span><\/div><article class=\"article-icon-entry av-iconlist-empty\"  itemscope=\"itemscope\" itemtype=\"https:\/\/schema.org\/CreativeWork\" ><div class=\"iconlist_content_wrap\"><header class=\"entry-content-header\"><div class='av_iconlist_title iconlist_title_small  '  itemprop=\"headline\" >Syst\u00e8me d\u2019aide et environnement (conditions-cadres techniques, processus)<\/div><\/header><div class='iconlist_content '  itemprop=\"text\" ><\/div><\/div><footer class=\"entry-footer\"><\/footer><\/article><div class=\"iconlist-timeline\"><\/div><\/li>\n<li><div class='iconlist_icon av-95iqm-6bfbba175804e51978f752cd7b749bb6 avia-font-entypo-fontello'><span class='iconlist-char' aria-hidden='true' data-av_icon='\ue8bd' data-av_iconfont='entypo-fontello'><\/span><\/div><article class=\"article-icon-entry av-iconlist-empty\"  itemscope=\"itemscope\" itemtype=\"https:\/\/schema.org\/CreativeWork\" ><div class=\"iconlist_content_wrap\"><header class=\"entry-content-header\"><div class='av_iconlist_title iconlist_title_small  '  itemprop=\"headline\" >Ressources disponibles pour la relation nourrici\u00e8re (conditions-cadres financi\u00e8res et personnelles)<\/div><\/header><div class='iconlist_content '  itemprop=\"text\" ><\/div><\/div><footer class=\"entry-footer\"><\/footer><\/article><div class=\"iconlist-timeline\"><\/div><\/li>\n<\/ul><\/div>\n<p>Sur la base d\u2019une analyse des besoins de recherche, le groupe de projet R&amp;D d\u00e9cide en 2020 du lancement de projets de recherche en Suisse.<\/p>\n<\/div><\/div><footer class='av-milestone-article-footer entry-footer'><\/footer><\/article><\/li>\n<li  class='av-milestone av-av_timeline_item-208cfe71a71163712c08c673cb533203 av-animated-generic fade-in av-milestone-valign-baseline av-milestone-even'><h2 class='av-milestone-date ' id='milestone-2020-2023' ><strong>2020 \u2013 2023<span class='av-milestone-indicator'><\/span><\/strong><\/h2><div class=\"av-milestone-icon-wrap\"><span class='av-milestone-icon milestone_icon avia-font-entypo-fontello'><span class='av-milestone-icon-inner milestone_inner'><i class='milestone-char' aria-hidden='true' data-av_icon='\ue83b' data-av_iconfont='entypo-fontello'><\/i><\/span><\/span><\/div><article class='av-milestone-content-wrap'><div class='av-milestone-contentbox'><header class=\"entry-content-header\"><h4 class='av-milestone-title '>Entretien d\u2019un dialogue <\/h4><\/header><div class='av-milestone-content'><p>Les groupes de dialogue r\u00e9unissant les parties impliqu\u00e9es dans le syst\u00e8me du placement d\u2019enfants examinent r\u00e9guli\u00e8rement les besoins et les r\u00e9sultats de la recherche, et les rendent utilisables par la pratique. Adress\u00e9es aux sp\u00e9cialistes et \u00e0 l\u2019administration, des manifestations et conf\u00e9rences sp\u00e9cialis\u00e9es sont organis\u00e9es, afin d\u2019\u00e9largir le dialogue \u00e0 d\u2019autres cercles et de diffuser les r\u00e9sultats interm\u00e9diaires du projet dans un processus interactif.<\/p>\n<\/div><\/div><footer class='av-milestone-article-footer entry-footer'><\/footer><\/article><\/li>\n<li  class='av-milestone av-av_timeline_item-05817ab3674517c573cff4f902a0aefe av-animated-generic fade-in av-milestone-valign-baseline av-milestone-odd'><h2 class='av-milestone-date ' id='milestone-2024-2026' ><strong>2024 - 2026<span class='av-milestone-indicator'><\/span><\/strong><\/h2><div class=\"av-milestone-icon-wrap\"><span class='av-milestone-icon milestone_icon avia-font-entypo-fontello'><span class='av-milestone-icon-inner milestone_inner'><i class='milestone-char' aria-hidden='true' data-av_icon='\ue856' data-av_iconfont='entypo-fontello'><\/i><\/span><\/span><\/div><article class='av-milestone-content-wrap'><div class='av-milestone-contentbox'><header class=\"entry-content-header\"><h4 class='av-milestone-title '>Mesures d\u2019am\u00e9lioration et de sensibilisation <\/h4><\/header><div class='av-milestone-content'><p>Dans la phase finale du projet (2024-2026, option 2028), les mesures pr\u00e9c\u00e9demment d\u00e9finies sont mises en \u0153uvre. Pour am\u00e9liorer \u00e0 long terme les conditions dans lesquelles les enfants plac\u00e9s en famille d\u2019accueil grandissent, il faut renforcer la s\u00e9curit\u00e9 d\u2019action des personnes directement concern\u00e9es et de leur environnement, et sensibiliser la soci\u00e9t\u00e9 dans son ensemble. Des activit\u00e9s comme le lobbying politique, les campagnes, les manifestations d\u2019information et d\u2019\u00e9change professionnel, le d\u00e9veloppement de fili\u00e8res de formation et de perfectionnement pour les familles d\u2019accueil et la main-d\u2019\u0153uvre qualifi\u00e9e notamment sont envisageables.<\/p>\n<\/div><\/div><footer class='av-milestone-article-footer entry-footer'><\/footer><\/article><\/li>\n<\/ul><\/div><\/div>\n<style type=\"text\/css\" data-created_by=\"avia_inline_auto\" id=\"style-css-av-k15u5dex-ad165f8f193a681d76398be9a8753a62\">\n#top .hr.hr-invisible.av-k15u5dex-ad165f8f193a681d76398be9a8753a62{\nheight:100px;\n}\n<\/style>\n<div  class='hr av-k15u5dex-ad165f8f193a681d76398be9a8753a62 hr-invisible  avia-builder-el-11  el_after_av_one_full  avia-builder-el-last '><span class='hr-inner '><span class=\"hr-inner-style\"><\/span><\/span><\/div>\n<\/div><\/div><\/div><!-- close content main div --><\/div><div class='av-extra-border-element border-extra-diagonal border-extra-diagonal-inverse '><div class='av-extra-border-outer'><div class='av-extra-border-inner'><\/div><\/div><\/div><\/div><div id='av_section_3'  class='avia-section av-k15u1fll-0f9bf38065be618495c97a636a519d36 main_color avia-section-default avia-no-border-styling  avia-builder-el-12  el_after_av_section  avia-builder-el-last  no-minheight avia-bg-style-scroll container_wrap sidebar_right'  ><div class='container av-section-cont-open' ><div class='template-page content  av-content-small alpha units'><div class='post-entry post-entry-type-page post-entry-1301'><div class='entry-content-wrapper clearfix'><\/div><\/div><\/div><!-- close content main div --><\/div><\/div><div id='after_section_3'  class='main_color av_default_container_wrap container_wrap sidebar_right'  ><div class='container av-section-cont-open' ><div class='template-page content  av-content-small alpha units'><div class='post-entry post-entry-type-page post-entry-1301'><div class='entry-content-wrapper clearfix'><\/p>\n","protected":false},"excerpt":{"rendered":"","protected":false},"author":3,"featured_media":0,"parent":0,"menu_order":0,"comment_status":"closed","ping_status":"closed","template":"","meta":{"footnotes":""},"class_list":["post-1301","page","type-page","status-publish","hentry"],"yoast_head":"<!-- This site is optimized with the Yoast SEO plugin v27.2 - https:\/\/yoast.com\/product\/yoast-seo-wordpress\/ -->\n<title>Projet | Pflegekinder next Generation<\/title>\n<meta name=\"robots\" content=\"index, follow, max-snippet:-1, max-image-preview:large, max-video-preview:-1\" \/>\n<link rel=\"canonical\" href=\"https:\/\/pflegekinder-nextgeneration.ch\/fr\/projet\/\" \/>\n<meta property=\"og:locale\" content=\"fr_FR\" \/>\n<meta property=\"og:type\" content=\"article\" \/>\n<meta property=\"og:title\" content=\"Projet | Pflegekinder next Generation\" \/>\n<meta property=\"og:url\" content=\"https:\/\/pflegekinder-nextgeneration.ch\/fr\/projet\/\" \/>\n<meta property=\"og:site_name\" content=\"Pflegekinder next Generation\" \/>\n<meta property=\"article:modified_time\" content=\"2019-12-14T04:14:33+00:00\" \/>\n<meta name=\"twitter:card\" content=\"summary_large_image\" \/>\n<meta name=\"twitter:label1\" content=\"Dur\u00e9e de lecture estim\u00e9e\" \/>\n\t<meta name=\"twitter:data1\" content=\"10 minutes\" \/>\n<script type=\"application\/ld+json\" class=\"yoast-schema-graph\">{\"@context\":\"https:\/\/schema.org\",\"@graph\":[{\"@type\":\"WebPage\",\"@id\":\"https:\/\/pflegekinder-nextgeneration.ch\/fr\/projet\/\",\"url\":\"https:\/\/pflegekinder-nextgeneration.ch\/fr\/projet\/\",\"name\":\"Projet | Pflegekinder next Generation\",\"isPartOf\":{\"@id\":\"https:\/\/pflegekinder-nextgeneration.ch\/#website\"},\"datePublished\":\"2019-12-14T04:12:38+00:00\",\"dateModified\":\"2019-12-14T04:14:33+00:00\",\"breadcrumb\":{\"@id\":\"https:\/\/pflegekinder-nextgeneration.ch\/fr\/projet\/#breadcrumb\"},\"inLanguage\":\"fr-FR\",\"potentialAction\":[{\"@type\":\"ReadAction\",\"target\":[\"https:\/\/pflegekinder-nextgeneration.ch\/fr\/projet\/\"]}]},{\"@type\":\"BreadcrumbList\",\"@id\":\"https:\/\/pflegekinder-nextgeneration.ch\/fr\/projet\/#breadcrumb\",\"itemListElement\":[{\"@type\":\"ListItem\",\"position\":1,\"name\":\"Home\",\"item\":\"https:\/\/pflegekinder-nextgeneration.ch\/fr\/home\/\"},{\"@type\":\"ListItem\",\"position\":2,\"name\":\"Projet\"}]},{\"@type\":\"WebSite\",\"@id\":\"https:\/\/pflegekinder-nextgeneration.ch\/#website\",\"url\":\"https:\/\/pflegekinder-nextgeneration.ch\/\",\"name\":\"Pflegekinder next Generation\",\"description\":\"Next Generation\",\"potentialAction\":[{\"@type\":\"SearchAction\",\"target\":{\"@type\":\"EntryPoint\",\"urlTemplate\":\"https:\/\/pflegekinder-nextgeneration.ch\/?s={search_term_string}\"},\"query-input\":{\"@type\":\"PropertyValueSpecification\",\"valueRequired\":true,\"valueName\":\"search_term_string\"}}],\"inLanguage\":\"fr-FR\"}]}<\/script>\n<!-- \/ Yoast SEO plugin. -->","yoast_head_json":{"title":"Projet | Pflegekinder next Generation","robots":{"index":"index","follow":"follow","max-snippet":"max-snippet:-1","max-image-preview":"max-image-preview:large","max-video-preview":"max-video-preview:-1"},"canonical":"https:\/\/pflegekinder-nextgeneration.ch\/fr\/projet\/","og_locale":"fr_FR","og_type":"article","og_title":"Projet | Pflegekinder next Generation","og_url":"https:\/\/pflegekinder-nextgeneration.ch\/fr\/projet\/","og_site_name":"Pflegekinder next Generation","article_modified_time":"2019-12-14T04:14:33+00:00","twitter_card":"summary_large_image","twitter_misc":{"Dur\u00e9e de lecture estim\u00e9e":"10 minutes"},"schema":{"@context":"https:\/\/schema.org","@graph":[{"@type":"WebPage","@id":"https:\/\/pflegekinder-nextgeneration.ch\/fr\/projet\/","url":"https:\/\/pflegekinder-nextgeneration.ch\/fr\/projet\/","name":"Projet | Pflegekinder next Generation","isPartOf":{"@id":"https:\/\/pflegekinder-nextgeneration.ch\/#website"},"datePublished":"2019-12-14T04:12:38+00:00","dateModified":"2019-12-14T04:14:33+00:00","breadcrumb":{"@id":"https:\/\/pflegekinder-nextgeneration.ch\/fr\/projet\/#breadcrumb"},"inLanguage":"fr-FR","potentialAction":[{"@type":"ReadAction","target":["https:\/\/pflegekinder-nextgeneration.ch\/fr\/projet\/"]}]},{"@type":"BreadcrumbList","@id":"https:\/\/pflegekinder-nextgeneration.ch\/fr\/projet\/#breadcrumb","itemListElement":[{"@type":"ListItem","position":1,"name":"Home","item":"https:\/\/pflegekinder-nextgeneration.ch\/fr\/home\/"},{"@type":"ListItem","position":2,"name":"Projet"}]},{"@type":"WebSite","@id":"https:\/\/pflegekinder-nextgeneration.ch\/#website","url":"https:\/\/pflegekinder-nextgeneration.ch\/","name":"Pflegekinder next Generation","description":"Next Generation","potentialAction":[{"@type":"SearchAction","target":{"@type":"EntryPoint","urlTemplate":"https:\/\/pflegekinder-nextgeneration.ch\/?s={search_term_string}"},"query-input":{"@type":"PropertyValueSpecification","valueRequired":true,"valueName":"search_term_string"}}],"inLanguage":"fr-FR"}]}},"_links":{"self":[{"href":"https:\/\/pflegekinder-nextgeneration.ch\/fr\/wp-json\/wp\/v2\/pages\/1301","targetHints":{"allow":["GET"]}}],"collection":[{"href":"https:\/\/pflegekinder-nextgeneration.ch\/fr\/wp-json\/wp\/v2\/pages"}],"about":[{"href":"https:\/\/pflegekinder-nextgeneration.ch\/fr\/wp-json\/wp\/v2\/types\/page"}],"author":[{"embeddable":true,"href":"https:\/\/pflegekinder-nextgeneration.ch\/fr\/wp-json\/wp\/v2\/users\/3"}],"replies":[{"embeddable":true,"href":"https:\/\/pflegekinder-nextgeneration.ch\/fr\/wp-json\/wp\/v2\/comments?post=1301"}],"version-history":[{"count":5,"href":"https:\/\/pflegekinder-nextgeneration.ch\/fr\/wp-json\/wp\/v2\/pages\/1301\/revisions"}],"predecessor-version":[{"id":1306,"href":"https:\/\/pflegekinder-nextgeneration.ch\/fr\/wp-json\/wp\/v2\/pages\/1301\/revisions\/1306"}],"wp:attachment":[{"href":"https:\/\/pflegekinder-nextgeneration.ch\/fr\/wp-json\/wp\/v2\/media?parent=1301"}],"curies":[{"name":"wp","href":"https:\/\/api.w.org\/{rel}","templated":true}]}}