{"id":1292,"date":"2019-12-14T05:02:00","date_gmt":"2019-12-14T04:02:00","guid":{"rendered":"https:\/\/pflegekinder-nextgeneration.ch\/?page_id=1292"},"modified":"2019-12-14T05:03:21","modified_gmt":"2019-12-14T04:03:21","slug":"contexte","status":"publish","type":"page","link":"https:\/\/pflegekinder-nextgeneration.ch\/fr\/contexte\/","title":{"rendered":"Contexte"},"content":{"rendered":"\n<style type=\"text\/css\" data-created_by=\"avia_inline_auto\" id=\"style-css-av-82gvg-8f2ceec3f28f22be56fcce9fdbd7ee07\">\n.avia-section.av-82gvg-8f2ceec3f28f22be56fcce9fdbd7ee07{\nbackground-repeat:no-repeat;\nbackground-image:url(https:\/\/pflegekinder-nextgeneration.ch\/wp-content\/uploads\/2019\/10\/inner-page-title-bg13.jpg);\nbackground-position:50% 50%;\nbackground-attachment:scroll;\n}\n.avia-section.av-82gvg-8f2ceec3f28f22be56fcce9fdbd7ee07 .av-section-color-overlay{\nopacity:0.4;\nbackground-color:#3fb1ad;\n}\n<\/style>\n<div id='av_section_1'  class='avia-section av-82gvg-8f2ceec3f28f22be56fcce9fdbd7ee07 main_color avia-section-huge avia-no-border-styling  avia-builder-el-0  el_before_av_section  avia-builder-el-first  avia-full-stretch avia-bg-style-scroll av-section-color-overlay-active av-minimum-height av-minimum-height-50 av-height-50  container_wrap sidebar_right'  data-section-bg-repeat='stretch' data-av_minimum_height_pc='50' data-av_min_height_opt='50'><div class=\"av-section-color-overlay-wrap\"><div class=\"av-section-color-overlay\"><\/div><div class='container av-section-cont-open' ><main  role=\"main\" itemprop=\"mainContentOfPage\"  class='template-page content  av-content-small alpha units'><div class='post-entry post-entry-type-page post-entry-1292'><div class='entry-content-wrapper clearfix'>\n<\/div><\/div><\/main><!-- close content main element --><\/div><\/div><\/div>\n<style type=\"text\/css\" data-created_by=\"avia_inline_auto\" id=\"style-css-av-8cewc-f88e9674076a06f8395dd54927b1fc4a\">\n.avia-section.av-8cewc-f88e9674076a06f8395dd54927b1fc4a .av-extra-border-element .av-extra-border-inner{\nbackground-color:#3fb1ad;\n}\n<\/style>\n<div id='av_section_2'  class='avia-section av-8cewc-f88e9674076a06f8395dd54927b1fc4a main_color avia-section-large avia-no-border-styling  avia-builder-el-1  el_after_av_section  el_before_av_section  avia-bg-style-scroll container_wrap sidebar_right'  ><div class='container av-section-cont-open' ><div class='template-page content  av-content-small alpha units'><div class='post-entry post-entry-type-page post-entry-1292'><div class='entry-content-wrapper clearfix'>\n\n<style type=\"text\/css\" data-created_by=\"avia_inline_auto\" id=\"style-css-av-k1aus4cc-2850b91b6ec512ea63269606ad8fb90f\">\n.flex_column.av-k1aus4cc-2850b91b6ec512ea63269606ad8fb90f{\nborder-radius:0px 0px 0px 0px;\npadding:0px 0px 0px 0px;\n}\n<\/style>\n<div  class='flex_column av-k1aus4cc-2850b91b6ec512ea63269606ad8fb90f av_one_full  avia-builder-el-2  el_before_av_one_half  avia-builder-el-first  first flex_column_div av-zero-column-padding  '     ><p>\n<style type=\"text\/css\" data-created_by=\"avia_inline_auto\" id=\"style-css-av-k4521xsq-eb5449d07b40fdc92de77a0a4e1ab8af\">\n#top .av-special-heading.av-k4521xsq-eb5449d07b40fdc92de77a0a4e1ab8af{\npadding-bottom:10px;\nfont-size:42px;\n}\nbody .av-special-heading.av-k4521xsq-eb5449d07b40fdc92de77a0a4e1ab8af .av-special-heading-tag .heading-char{\nfont-size:25px;\n}\n#top #wrap_all .av-special-heading.av-k4521xsq-eb5449d07b40fdc92de77a0a4e1ab8af .av-special-heading-tag{\nfont-size:42px;\n}\n.av-special-heading.av-k4521xsq-eb5449d07b40fdc92de77a0a4e1ab8af .av-subheading{\nfont-size:15px;\n}\n\n@media only screen and (min-width: 480px) and (max-width: 767px){ \n#top #wrap_all .av-special-heading.av-k4521xsq-eb5449d07b40fdc92de77a0a4e1ab8af .av-special-heading-tag{\nfont-size:0.8em;\n}\n}\n\n@media only screen and (max-width: 479px){ \n#top #wrap_all .av-special-heading.av-k4521xsq-eb5449d07b40fdc92de77a0a4e1ab8af .av-special-heading-tag{\nfont-size:0.8em;\n}\n}\n<\/style>\n<div  class='av-special-heading av-k4521xsq-eb5449d07b40fdc92de77a0a4e1ab8af av-special-heading-h1 blockquote modern-quote  avia-builder-el-3  el_before_av_hr  avia-builder-el-first  av-inherit-size'><h1 class='av-special-heading-tag'  itemprop=\"headline\"  >Contexte<\/h1><div class=\"special-heading-border\"><div class=\"special-heading-inner-border\"><\/div><\/div><\/div><br \/>\n\n<style type=\"text\/css\" data-created_by=\"avia_inline_auto\" id=\"style-css-av-k1c3yje1-93af4e971e04aead55d7ee5726bf77bb\">\n#top .hr.av-k1c3yje1-93af4e971e04aead55d7ee5726bf77bb{\nmargin-top:10px;\nmargin-bottom:20px;\n}\n.hr.av-k1c3yje1-93af4e971e04aead55d7ee5726bf77bb .hr-inner{\nwidth:50px;\nborder-color:#3fb1ad;\n}\n<\/style>\n<div  class='hr av-k1c3yje1-93af4e971e04aead55d7ee5726bf77bb hr-custom  avia-builder-el-4  el_after_av_heading  avia-builder-el-last  hr-left hr-icon-no'><span class='hr-inner inner-border-av-border-fat'><span class=\"hr-inner-style\"><\/span><\/span><\/div><\/p><\/div><div class='flex_column_table av-k18nsnka-0f5b8d5483686b39b94919effcfaaaf3 sc-av_one_half av-equal-height-column-flextable'>\n<style type=\"text\/css\" data-created_by=\"avia_inline_auto\" id=\"style-css-av-k18nsnka-0f5b8d5483686b39b94919effcfaaaf3\">\n.flex_column.av-k18nsnka-0f5b8d5483686b39b94919effcfaaaf3{\nborder-radius:0px 0px 0px 0px;\npadding:0px 0px 0px 0px;\n}\n<\/style>\n<div  class='flex_column av-k18nsnka-0f5b8d5483686b39b94919effcfaaaf3 av_one_half  avia-builder-el-5  el_after_av_one_full  el_before_av_one_half  first flex_column_table_cell av-equal-height-column av-align-top av-zero-column-padding  column-top-margin'     ><style type=\"text\/css\" data-created_by=\"avia_inline_auto\" id=\"style-css-av-k15tutql-e5c180a67a686f260c755694b4c25558\">\n#top .av_textblock_section.av-k15tutql-e5c180a67a686f260c755694b4c25558 .avia_textblock{\nfont-size:18px;\n}\n\n@media only screen and (max-width: 479px){ \n#top .av_textblock_section.av-k15tutql-e5c180a67a686f260c755694b4c25558 .avia_textblock{\nfont-size:14px;\n}\n}\n<\/style>\n<section  class='av_textblock_section av-k15tutql-e5c180a67a686f260c755694b4c25558 '   itemscope=\"itemscope\" itemtype=\"https:\/\/schema.org\/CreativeWork\" ><div class='avia_textblock'  itemprop=\"text\" ><p>Grandir en toute s\u00e9curit\u00e9 \u2013 Tous les enfants en Suisse y ont droit, y compris les enfants plac\u00e9s en famille d\u2019accueil. Ceux qui ne grandissent qu\u2019en partie ou pas du tout avec leurs parents biologi\u00adques devraient, comme les autres jeunes, pouvoir grandir dans la confiance et de mani\u00e8re autonome. Les enfants plac\u00e9s en famille d\u2019accueil ont besoin d\u2019un environnement favorisant leur d\u00e9veloppement personnel et prot\u00e9geant leurs droits.<\/p>\n<p>Historiquement, l\u2019exp\u00e9rience de la Suisse en mati\u00e8re de \u00abmesures de contrainte \u00e0 des fins d\u2019assistance\u00bb, source de grandes souffrances pour de nombreux enfants pris en charge par des tiers, nous oblige \u00e0 r\u00e9fl\u00e9chir en particulier \u00e0 l\u2019aide aux enfants plac\u00e9s en famille d\u2019accueil. Le syst\u00e8me du placement d\u2019enfants doit faire l\u2019objet d\u2019une r\u00e9flexion et d\u2019une \u00e9valuation scientifiques constantes, avec si n\u00e9cessaire des am\u00e9liorations cibl\u00e9es.<\/p>\n<\/div><\/section><\/div><div class='av-flex-placeholder'><\/div>\n<style type=\"text\/css\" data-created_by=\"avia_inline_auto\" id=\"style-css-av-k18nsnka-2f4cc0c084b04553ccf268765aacf768\">\n.flex_column.av-k18nsnka-2f4cc0c084b04553ccf268765aacf768{\nborder-radius:0px 0px 0px 0px;\npadding:0px 0px 0px 0px;\n}\n<\/style>\n<div  class='flex_column av-k18nsnka-2f4cc0c084b04553ccf268765aacf768 av_one_half  avia-builder-el-7  el_after_av_one_half  el_before_av_hr  flex_column_table_cell av-equal-height-column av-align-top av-zero-column-padding  column-top-margin'     ><style type=\"text\/css\" data-created_by=\"avia_inline_auto\" id=\"style-css-av-k15tutql-e5c180a67a686f260c755694b4c25558\">\n#top .av_textblock_section.av-k15tutql-e5c180a67a686f260c755694b4c25558 .avia_textblock{\nfont-size:18px;\n}\n\n@media only screen and (max-width: 479px){ \n#top .av_textblock_section.av-k15tutql-e5c180a67a686f260c755694b4c25558 .avia_textblock{\nfont-size:14px;\n}\n}\n<\/style>\n<section  class='av_textblock_section av-k15tutql-e5c180a67a686f260c755694b4c25558 '   itemscope=\"itemscope\" itemtype=\"https:\/\/schema.org\/CreativeWork\" ><div class='avia_textblock'  itemprop=\"text\" ><p>Cette condition pr\u00e9alable, pouvant influencer positivement le d\u00e9veloppement du syst\u00e8me du placement d\u2019enfants, et donc la protection, la prise en charge et la promotion des enfants plac\u00e9s en famille d\u2019accueil, n\u2019est que partiellement remplie actuellement. C\u2019est dans ce contexte qu\u2019a \u00e9t\u00e9 lanc\u00e9 le projet \u00abEnfants plac\u00e9s en famille d\u2019accueil \u2013 prochaine g\u00e9n\u00e9ration\u00bb.<\/p>\n<\/div><\/section><\/div><\/div><!--close column table wrapper. Autoclose: 1 -->\n<style type=\"text\/css\" data-created_by=\"avia_inline_auto\" id=\"style-css-av-k15u5dex-ad165f8f193a681d76398be9a8753a62\">\n#top .hr.hr-invisible.av-k15u5dex-ad165f8f193a681d76398be9a8753a62{\nheight:100px;\n}\n<\/style>\n<div  class='hr av-k15u5dex-ad165f8f193a681d76398be9a8753a62 hr-invisible  avia-builder-el-9  el_after_av_one_half  avia-builder-el-last '><span class='hr-inner '><span class=\"hr-inner-style\"><\/span><\/span><\/div>\n<\/div><\/div><\/div><!-- close content main div --><\/div><div class='av-extra-border-element border-extra-diagonal border-extra-diagonal-inverse '><div class='av-extra-border-outer'><div class='av-extra-border-inner'><\/div><\/div><\/div><\/div><div id='av_section_3'  class='avia-section av-k15u1fll-0f9bf38065be618495c97a636a519d36 main_color avia-section-default avia-no-border-styling  avia-builder-el-10  el_after_av_section  avia-builder-el-last  no-minheight avia-bg-style-scroll container_wrap sidebar_right'  ><div class='container av-section-cont-open' ><div class='template-page content  av-content-small alpha units'><div class='post-entry post-entry-type-page post-entry-1292'><div class='entry-content-wrapper clearfix'><\/div><\/div><\/div><!-- close content main div --><\/div><\/div><div id='after_section_3'  class='main_color av_default_container_wrap container_wrap sidebar_right'  ><div class='container av-section-cont-open' ><div class='template-page content  av-content-small alpha units'><div class='post-entry post-entry-type-page post-entry-1292'><div class='entry-content-wrapper clearfix'><\/p>\n","protected":false},"excerpt":{"rendered":"","protected":false},"author":3,"featured_media":0,"parent":0,"menu_order":0,"comment_status":"closed","ping_status":"closed","template":"","meta":{"footnotes":""},"class_list":["post-1292","page","type-page","status-publish","hentry"],"yoast_head":"<!-- This site is optimized with the Yoast SEO plugin v27.2 - https:\/\/yoast.com\/product\/yoast-seo-wordpress\/ -->\n<title>Contexte | Pflegekinder next Generation<\/title>\n<meta name=\"robots\" content=\"index, follow, max-snippet:-1, max-image-preview:large, max-video-preview:-1\" \/>\n<link rel=\"canonical\" href=\"https:\/\/pflegekinder-nextgeneration.ch\/fr\/contexte\/\" \/>\n<meta property=\"og:locale\" content=\"fr_FR\" \/>\n<meta property=\"og:type\" content=\"article\" \/>\n<meta property=\"og:title\" content=\"Contexte | Pflegekinder next Generation\" \/>\n<meta property=\"og:url\" content=\"https:\/\/pflegekinder-nextgeneration.ch\/fr\/contexte\/\" \/>\n<meta property=\"og:site_name\" content=\"Pflegekinder next Generation\" \/>\n<meta property=\"article:modified_time\" content=\"2019-12-14T04:03:21+00:00\" \/>\n<meta name=\"twitter:card\" content=\"summary_large_image\" \/>\n<meta name=\"twitter:label1\" content=\"Dur\u00e9e de lecture estim\u00e9e\" \/>\n\t<meta name=\"twitter:data1\" content=\"2 minutes\" \/>\n<script type=\"application\/ld+json\" class=\"yoast-schema-graph\">{\"@context\":\"https:\/\/schema.org\",\"@graph\":[{\"@type\":\"WebPage\",\"@id\":\"https:\/\/pflegekinder-nextgeneration.ch\/fr\/contexte\/\",\"url\":\"https:\/\/pflegekinder-nextgeneration.ch\/fr\/contexte\/\",\"name\":\"Contexte | Pflegekinder next Generation\",\"isPartOf\":{\"@id\":\"https:\/\/pflegekinder-nextgeneration.ch\/#website\"},\"datePublished\":\"2019-12-14T04:02:00+00:00\",\"dateModified\":\"2019-12-14T04:03:21+00:00\",\"breadcrumb\":{\"@id\":\"https:\/\/pflegekinder-nextgeneration.ch\/fr\/contexte\/#breadcrumb\"},\"inLanguage\":\"fr-FR\",\"potentialAction\":[{\"@type\":\"ReadAction\",\"target\":[\"https:\/\/pflegekinder-nextgeneration.ch\/fr\/contexte\/\"]}]},{\"@type\":\"BreadcrumbList\",\"@id\":\"https:\/\/pflegekinder-nextgeneration.ch\/fr\/contexte\/#breadcrumb\",\"itemListElement\":[{\"@type\":\"ListItem\",\"position\":1,\"name\":\"Home\",\"item\":\"https:\/\/pflegekinder-nextgeneration.ch\/fr\/home\/\"},{\"@type\":\"ListItem\",\"position\":2,\"name\":\"Contexte\"}]},{\"@type\":\"WebSite\",\"@id\":\"https:\/\/pflegekinder-nextgeneration.ch\/#website\",\"url\":\"https:\/\/pflegekinder-nextgeneration.ch\/\",\"name\":\"Pflegekinder next Generation\",\"description\":\"Next Generation\",\"potentialAction\":[{\"@type\":\"SearchAction\",\"target\":{\"@type\":\"EntryPoint\",\"urlTemplate\":\"https:\/\/pflegekinder-nextgeneration.ch\/?s={search_term_string}\"},\"query-input\":{\"@type\":\"PropertyValueSpecification\",\"valueRequired\":true,\"valueName\":\"search_term_string\"}}],\"inLanguage\":\"fr-FR\"}]}<\/script>\n<!-- \/ Yoast SEO plugin. -->","yoast_head_json":{"title":"Contexte | Pflegekinder next Generation","robots":{"index":"index","follow":"follow","max-snippet":"max-snippet:-1","max-image-preview":"max-image-preview:large","max-video-preview":"max-video-preview:-1"},"canonical":"https:\/\/pflegekinder-nextgeneration.ch\/fr\/contexte\/","og_locale":"fr_FR","og_type":"article","og_title":"Contexte | Pflegekinder next Generation","og_url":"https:\/\/pflegekinder-nextgeneration.ch\/fr\/contexte\/","og_site_name":"Pflegekinder next Generation","article_modified_time":"2019-12-14T04:03:21+00:00","twitter_card":"summary_large_image","twitter_misc":{"Dur\u00e9e de lecture estim\u00e9e":"2 minutes"},"schema":{"@context":"https:\/\/schema.org","@graph":[{"@type":"WebPage","@id":"https:\/\/pflegekinder-nextgeneration.ch\/fr\/contexte\/","url":"https:\/\/pflegekinder-nextgeneration.ch\/fr\/contexte\/","name":"Contexte | Pflegekinder next Generation","isPartOf":{"@id":"https:\/\/pflegekinder-nextgeneration.ch\/#website"},"datePublished":"2019-12-14T04:02:00+00:00","dateModified":"2019-12-14T04:03:21+00:00","breadcrumb":{"@id":"https:\/\/pflegekinder-nextgeneration.ch\/fr\/contexte\/#breadcrumb"},"inLanguage":"fr-FR","potentialAction":[{"@type":"ReadAction","target":["https:\/\/pflegekinder-nextgeneration.ch\/fr\/contexte\/"]}]},{"@type":"BreadcrumbList","@id":"https:\/\/pflegekinder-nextgeneration.ch\/fr\/contexte\/#breadcrumb","itemListElement":[{"@type":"ListItem","position":1,"name":"Home","item":"https:\/\/pflegekinder-nextgeneration.ch\/fr\/home\/"},{"@type":"ListItem","position":2,"name":"Contexte"}]},{"@type":"WebSite","@id":"https:\/\/pflegekinder-nextgeneration.ch\/#website","url":"https:\/\/pflegekinder-nextgeneration.ch\/","name":"Pflegekinder next Generation","description":"Next Generation","potentialAction":[{"@type":"SearchAction","target":{"@type":"EntryPoint","urlTemplate":"https:\/\/pflegekinder-nextgeneration.ch\/?s={search_term_string}"},"query-input":{"@type":"PropertyValueSpecification","valueRequired":true,"valueName":"search_term_string"}}],"inLanguage":"fr-FR"}]}},"_links":{"self":[{"href":"https:\/\/pflegekinder-nextgeneration.ch\/fr\/wp-json\/wp\/v2\/pages\/1292","targetHints":{"allow":["GET"]}}],"collection":[{"href":"https:\/\/pflegekinder-nextgeneration.ch\/fr\/wp-json\/wp\/v2\/pages"}],"about":[{"href":"https:\/\/pflegekinder-nextgeneration.ch\/fr\/wp-json\/wp\/v2\/types\/page"}],"author":[{"embeddable":true,"href":"https:\/\/pflegekinder-nextgeneration.ch\/fr\/wp-json\/wp\/v2\/users\/3"}],"replies":[{"embeddable":true,"href":"https:\/\/pflegekinder-nextgeneration.ch\/fr\/wp-json\/wp\/v2\/comments?post=1292"}],"version-history":[{"count":5,"href":"https:\/\/pflegekinder-nextgeneration.ch\/fr\/wp-json\/wp\/v2\/pages\/1292\/revisions"}],"predecessor-version":[{"id":1298,"href":"https:\/\/pflegekinder-nextgeneration.ch\/fr\/wp-json\/wp\/v2\/pages\/1292\/revisions\/1298"}],"wp:attachment":[{"href":"https:\/\/pflegekinder-nextgeneration.ch\/fr\/wp-json\/wp\/v2\/media?parent=1292"}],"curies":[{"name":"wp","href":"https:\/\/api.w.org\/{rel}","templated":true}]}}